{"id":34,"date":"2012-03-06T23:21:24","date_gmt":"2012-03-06T22:21:24","guid":{"rendered":"http:\/\/berenicestaiger.com\/kunstproject\/?page_id=34"},"modified":"2013-03-05T23:33:56","modified_gmt":"2013-03-05T22:33:56","slug":"wie-en-wat-doet-kunstproject","status":"publish","type":"page","link":"http:\/\/berenicestaiger.com\/kunstproject\/wie-en-wat-doet-kunstproject\/","title":{"rendered":"Wie &#038; wat doet kunstproject"},"content":{"rendered":"<p><span style=\"color: #333333;\">kunstproject is opgericht door B\u00e9r\u00e9nice Staiger. \u00a0\u00a0\u00a0\u00a0\u00a0\u00a0\u00a0\u00a0\u00a0\u00a0\u00a0\u00a0\u00a0\u00a0\u00a0\u00a0\u00a0\u00a0\u00a0\u00a0\u00a0\u00a0 <\/span><\/p>\n<p><span style=\"color: #333333;\">B\u00e9r\u00e9nice is beeldend kunstenaar, zij is gespecialiseerd in het maken van tekeningen en installaties en in het werken met kinderen en jongeren. <\/span><span style=\"color: #333333;\">B\u00e9r\u00e9nice is opgeleid aan de voormalige AKI nu ArtEZ Enschede Hogeschool voor de kunsten en aan het Wimbledon College in London. <\/span><span style=\"color: #333333;\">B\u00e9r\u00e9nice is een gecertificeerde beroeps kunstenaar in de klas kort <strong>BIK<\/strong>er.<\/span><\/p>\n<p><span style=\"color: #333333;\">B\u00e9r\u00e9nice zelf is opgegroeid in Duitsland zij heeft een Waldorf Kindergarten bezocht in Stuttgart Uhlandsh\u00f6he en heeft twaalf jaar van de vrijeschool opleiding genoten in Schopfheim in Zuid-West Duitsland.<\/span><\/p>\n<p><span style=\"color: #333333;\">Bij kunstproject laat B\u00e9r\u00e9nice zich inspireren door de visie van de Reggio Emilia methode. <\/span><span style=\"color: #333333;\">De Reggiobeweging\u00a0is 50 jaar geleden begonnen in een klein dorpe in Itali\u00eb en wordt steeds verder ontwikkeld door kinderen, ouders, begeleiders, pedagogen, kunstenaars, burgers en politici van de stad. In deze <a title=\"Pedagogiek\" href=\"http:\/\/nl.wikipedia.org\/wiki\/Pedagogiek\"><span style=\"color: #333333;\">pedagogiek<\/span><\/a> gaat de begeleider uit van wat kinderen kunnen en niet wat kinderen niet kunnen. <\/span><\/p>\n<p><span style=\"color: #333333;\">Tevens laat B\u00e9r\u00e9nice zich\u00a0stimuleren door de visie en onderwijsmethode van Maria Montessori die in het begin van de vorige eeuw\u00a0leefte en werkte.\u00a0<\/span><span style=\"color: #333333;\">\u00a0Maria geloofde in de wijsheid van de natuur en in een door die natuur geleide ontwikkeling. En die was bij geen kind gelijk. De kern van het montessorionderwijs wordt meestal samengevat in haar uitspraak:<strong> &#8220;<em>Help mij het zelf te doen<\/em>&#8220;. <\/strong><\/span><span style=\"color: #333333;\">Uitgangspunt is dat een kind een natuurlijke, noodzakelijke drang tot zelfontplooiing heeft. Bij het ideale opvoeden en onderwijzen kunnen ouders en leerkrachten opmerken wat de behoeften van een kind zijn en kunnen zij daarop inspelen door de juiste omgeving en materialen te bieden.<\/span><\/p>\n<p><span style=\"color: #333333;\">Afhankelijk van de grote en de aard van een project worden collega kunstenaars bij een project betrokken voor vakkundige ondersteuning en de soepele realisatie van het geheel.<\/span><\/p>\n<p><span style=\"color: #333333;\">B<\/span><span style=\"color: #333333;\">ij kunstproject staat het kind centraal.<\/span><\/p>\n<h1><span style=\"color: #333333;\">kunstproject verzorgd\u00a0kunstprojecten voor u<br \/>\n<\/span><\/h1>\n<h1><span style=\"color: #333333;\">kunstproject zet uw id\u00ebeen om in een kunstworkshop<\/span><\/h1>\n<h1><span style=\"color: #333333;\">kunstproject realiseerd uw id\u00ebeen<\/span><\/h1>\n<p>&nbsp;<\/p>\n<p>\u00a9 B\u00e9r\u00e9nice Staiger\u00a0 +31 [0] 648473975\u00a0 <a href=\"mailto:info@kunstproject.org\">info@kunstproject.org<\/a><\/p>\n<p>&nbsp;<\/p>\n<p>&nbsp;<\/p>\n<p>&nbsp;<\/p>\n","protected":false},"excerpt":{"rendered":"<p>kunstproject is opgericht door B\u00e9r\u00e9nice Staiger. \u00a0\u00a0\u00a0\u00a0\u00a0\u00a0\u00a0\u00a0\u00a0\u00a0\u00a0\u00a0\u00a0\u00a0\u00a0\u00a0\u00a0\u00a0\u00a0\u00a0\u00a0\u00a0 B\u00e9r\u00e9nice is beeldend kunstenaar, zij is gespecialiseerd in het maken van tekeningen en installaties en in het werken met kinderen en jongeren. B\u00e9r\u00e9nice is opgeleid aan de voormalige AKI nu ArtEZ Enschede Hogeschool voor de kunsten en aan het Wimbledon College in London. B\u00e9r\u00e9nice is een gecertificeerde beroeps [&hellip;]<\/p>\n","protected":false},"author":1,"featured_media":0,"parent":0,"menu_order":0,"comment_status":"closed","ping_status":"closed","template":"","meta":{"footnotes":""},"class_list":["post-34","page","type-page","status-publish","hentry"],"_links":{"self":[{"href":"http:\/\/berenicestaiger.com\/kunstproject\/wp-json\/wp\/v2\/pages\/34","targetHints":{"allow":["GET"]}}],"collection":[{"href":"http:\/\/berenicestaiger.com\/kunstproject\/wp-json\/wp\/v2\/pages"}],"about":[{"href":"http:\/\/berenicestaiger.com\/kunstproject\/wp-json\/wp\/v2\/types\/page"}],"author":[{"embeddable":true,"href":"http:\/\/berenicestaiger.com\/kunstproject\/wp-json\/wp\/v2\/users\/1"}],"replies":[{"embeddable":true,"href":"http:\/\/berenicestaiger.com\/kunstproject\/wp-json\/wp\/v2\/comments?post=34"}],"version-history":[{"count":21,"href":"http:\/\/berenicestaiger.com\/kunstproject\/wp-json\/wp\/v2\/pages\/34\/revisions"}],"predecessor-version":[{"id":38,"href":"http:\/\/berenicestaiger.com\/kunstproject\/wp-json\/wp\/v2\/pages\/34\/revisions\/38"}],"wp:attachment":[{"href":"http:\/\/berenicestaiger.com\/kunstproject\/wp-json\/wp\/v2\/media?parent=34"}],"curies":[{"name":"wp","href":"https:\/\/api.w.org\/{rel}","templated":true}]}}