{"id":26,"date":"2011-10-26T14:39:02","date_gmt":"2011-10-26T12:39:02","guid":{"rendered":"http:\/\/berenicestaiger.com\/kunstproject\/?page_id=26"},"modified":"2012-09-03T21:47:58","modified_gmt":"2012-09-03T19:47:58","slug":"mozaikkunstwerk","status":"publish","type":"page","link":"http:\/\/berenicestaiger.com\/kunstproject\/mozaikkunstwerk\/","title":{"rendered":"Moza\u00efkkunstwerk"},"content":{"rendered":"<p><a href=\"http:\/\/berenicestaiger.com\/kunstproject\/wp-content\/uploads\/2011\/10\/draak-van-links.jpg\"><img loading=\"lazy\" decoding=\"async\" class=\"alignnone size-thumbnail wp-image-60\" title=\"moza\u00efkdraak kunstproject B\u00e9r\u00e9nice Staiger\" src=\"http:\/\/berenicestaiger.com\/kunstproject\/wp-content\/uploads\/2011\/10\/draak-van-links-150x150.jpg\" alt=\"\" width=\"150\" height=\"150\" \/><\/a><a href=\"http:\/\/berenicestaiger.com\/kunstproject\/wp-content\/uploads\/2011\/10\/IMG_1322.jpg\"><img loading=\"lazy\" decoding=\"async\" class=\"alignnone size-thumbnail wp-image-62\" title=\"moza\u00cfkbank kunstproject B\u00e9r\u00e9nice Staiger\" src=\"http:\/\/berenicestaiger.com\/kunstproject\/wp-content\/uploads\/2011\/10\/IMG_1322-150x150.jpg\" alt=\"\" width=\"150\" height=\"150\" \/><\/a><a href=\"http:\/\/berenicestaiger.com\/kunstproject\/wp-content\/uploads\/2011\/10\/achterkant-draak.jpg\"><img loading=\"lazy\" decoding=\"async\" class=\"alignnone size-thumbnail wp-image-61\" title=\"moza\u00efkdraak kunstproject B\u00e9r\u00e9nice Staiger\" src=\"http:\/\/berenicestaiger.com\/kunstproject\/wp-content\/uploads\/2011\/10\/achterkant-draak-150x150.jpg\" alt=\"\" width=\"150\" height=\"150\" \/><\/a><\/p>\n","protected":false},"excerpt":{"rendered":"","protected":false},"author":1,"featured_media":0,"parent":0,"menu_order":3,"comment_status":"closed","ping_status":"closed","template":"","meta":{"footnotes":""},"class_list":["post-26","page","type-page","status-publish","hentry"],"_links":{"self":[{"href":"http:\/\/berenicestaiger.com\/kunstproject\/wp-json\/wp\/v2\/pages\/26","targetHints":{"allow":["GET"]}}],"collection":[{"href":"http:\/\/berenicestaiger.com\/kunstproject\/wp-json\/wp\/v2\/pages"}],"about":[{"href":"http:\/\/berenicestaiger.com\/kunstproject\/wp-json\/wp\/v2\/types\/page"}],"author":[{"embeddable":true,"href":"http:\/\/berenicestaiger.com\/kunstproject\/wp-json\/wp\/v2\/users\/1"}],"replies":[{"embeddable":true,"href":"http:\/\/berenicestaiger.com\/kunstproject\/wp-json\/wp\/v2\/comments?post=26"}],"version-history":[{"count":5,"href":"http:\/\/berenicestaiger.com\/kunstproject\/wp-json\/wp\/v2\/pages\/26\/revisions"}],"predecessor-version":[{"id":67,"href":"http:\/\/berenicestaiger.com\/kunstproject\/wp-json\/wp\/v2\/pages\/26\/revisions\/67"}],"wp:attachment":[{"href":"http:\/\/berenicestaiger.com\/kunstproject\/wp-json\/wp\/v2\/media?parent=26"}],"curies":[{"name":"wp","href":"https:\/\/api.w.org\/{rel}","templated":true}]}}